{"id":5134,"date":"2022-12-20T12:49:42","date_gmt":"2022-12-20T10:49:42","guid":{"rendered":"https:\/\/aquafides.org\/?post_type=product&#038;p=5134"},"modified":"2025-10-09T13:01:04","modified_gmt":"2025-10-09T11:01:04","slug":"curso-asesor-de-huella-hidrica-aquafides","status":"publish","type":"product","link":"https:\/\/aquafides.org\/de\/producto\/curso-asesor-de-huella-hidrica-aquafides\/","title":{"rendered":"Curso Asesor de Huella H\u00eddrica Aquafides (Lima, Per\u00fa)"},"content":{"rendered":"<p><span style=\"color: #0075c9;\"><strong>Dirigido a: <\/strong><\/span><span class=\"a_GcMg font-feature-liga-off font-feature-clig-off font-feature-calt-off text-decoration-none text-strikethrough-none\">La mentor\u00eda Asesor de Huella H\u00eddrica Aquafides est\u00e1 dise\u00f1ado para todos aquellos profesionales y empresas que quieran conocer los conceptos de Huella H\u00eddrica, los tipos, el c\u00e1lculo, la normativa de aplicaci\u00f3n, su certificaci\u00f3n y la importancia de \u00e9sta a nivel productivo. Convi\u00e9rtete en Asesor de Huella H\u00eddrica para empresas y organismos.<\/span>nvi\u00e9rtete en Asesor de Huella H\u00eddrica para empresas y organismos. El curso Asesor de Huella H\u00eddrica Aquafides est\u00e1 dise\u00f1ado para todos aquellos profesionales y empresas que quieran conocer los conceptos de Huella H\u00eddrica, los tipos, el c\u00e1lculo, la normativa de aplicaci\u00f3n, su certificaci\u00f3n y la importancia de \u00e9sta a nivel productivo.<\/p>\n<p><span style=\"color: #0075c9;\"><strong>Plazas:<\/strong><\/span> Hasta completar aforo<\/p>\n<p><strong>*Precio especial para antiguos alumnos. Consultar condiciones con el organizador: <\/strong><span style=\"color: #3bd4ae;\"><a style=\"color: #3bd4ae;\" href=\"coordinacion@aquafides.org\">coordinacion@aquafides.org , <\/a><a style=\"color: #3bd4ae;\" href=\"tel: +34 607903877\"> +34\u00a0<\/a>607903877 <\/span><strong>*Precio:- \u00a02.999\u20ac hasta el 17 de octubre de 2025<\/strong><\/p>\n<section class=\"elementor-section elementor-top-section elementor-element elementor-element-13ef1b0 elementor-section-boxed elementor-section-height-default elementor-section-height-default elementskit-parallax-multi-container\" data-id=\"13ef1b0\" data-element_type=\"section\" data-settings=\"{&quot;background_background&quot;:&quot;classic&quot;,&quot;ekit_has_onepagescroll_dot&quot;:&quot;yes&quot;}\">\n<div class=\"elementor-container elementor-column-gap-no\">\n<div class=\"elementor-column elementor-col-50 elementor-top-column elementor-element elementor-element-3727203\" data-id=\"3727203\" data-element_type=\"column\">\n<div class=\"elementor-widget-wrap elementor-element-populated\">\n<div class=\"elementor-element elementor-element-0e106ec elementor-widget elementor-widget-text-editor\" data-id=\"0e106ec\" data-element_type=\"widget\" data-settings=\"{&quot;ekit_we_effect_on&quot;:&quot;none&quot;}\" data-widget_type=\"text-editor.default\">\n<div class=\"elementor-widget-container\"><\/div>\n<\/div>\n<\/div>\n<\/div>\n<\/div>\n<\/section>\n","protected":false},"excerpt":{"rendered":"<ul>\n<li>El agua es un recurso global y escaso, por lo que es muy importante trabajar para minimizar el impacto que en ella tienen las diferentes actividades que demanda la sociedad.<\/li>\n<\/ul>\n<p>&nbsp;<\/p>\n<ul>\n<li><span style=\"color: #0075c9;\"><strong>La Huella H\u00eddrica <\/strong><\/span>es el volumen de agua dulce usada para producir un bien o servicio, cuantificada a lo largo de toda la cadena de suministro. Es un indicador multidimensional, cuyos componentes se especifican geogr\u00e1fica y temporalmente. Al igual que ocurre con otros indicadores ambientales como la Huella de Carbono,\u00a0la Huella H\u00eddrica\u00a0comienza a abrirse paso a paso en el mundo de la certificaci\u00f3n.<\/li>\n<\/ul>\n<p>&nbsp;<\/p>\n<ul>\n<li><span style=\"color: #0075c9;\"><strong>La certificaci\u00f3n de la Huella H\u00eddrica<\/strong><\/span> permite demostrar que los productos, procesos o servicios prestados por una empresa u organizaci\u00f3n, cumplen con la normativa vigente referente al uso del agua a la vez que evidencia el compromiso con el uso responsable y eficiente del agua. Adem\u00e1s, es el punto de partida para acometer acciones que mejoren la eficiencia y competitividad de las empresas y organizaciones.<\/li>\n<\/ul>\n","protected":false},"featured_media":5518,"template":"","meta":[],"product_cat":[67],"product_tag":[],"detalles-del-curso":[],"_links":{"self":[{"href":"https:\/\/aquafides.org\/de\/wp-json\/wp\/v2\/product\/5134"}],"collection":[{"href":"https:\/\/aquafides.org\/de\/wp-json\/wp\/v2\/product"}],"about":[{"href":"https:\/\/aquafides.org\/de\/wp-json\/wp\/v2\/types\/product"}],"wp:featuredmedia":[{"embeddable":true,"href":"https:\/\/aquafides.org\/de\/wp-json\/wp\/v2\/media\/5518"}],"wp:attachment":[{"href":"https:\/\/aquafides.org\/de\/wp-json\/wp\/v2\/media?parent=5134"}],"wp:term":[{"taxonomy":"product_cat","embeddable":true,"href":"https:\/\/aquafides.org\/de\/wp-json\/wp\/v2\/product_cat?post=5134"},{"taxonomy":"product_tag","embeddable":true,"href":"https:\/\/aquafides.org\/de\/wp-json\/wp\/v2\/product_tag?post=5134"},{"taxonomy":"detalles-del-curso","embeddable":true,"href":"https:\/\/aquafides.org\/de\/wp-json\/wp\/v2\/detalles-del-curso?post=5134"}],"curies":[{"name":"wp","href":"https:\/\/api.w.org\/{rel}","templated":true}]}}